{"id":33,"date":"2023-02-08T21:21:05","date_gmt":"2023-02-08T21:21:05","guid":{"rendered":"https:\/\/biodesign.qa.rtd.asu.edu\/cellular-evolution\/?page_id=33"},"modified":"2025-04-23T21:40:17","modified_gmt":"2025-04-23T21:40:17","slug":"people","status":"publish","type":"page","link":"https:\/\/biodesign.asu.edu\/cellular-evolution\/people\/","title":{"rendered":"People"},"content":{"rendered":"\n<div id=\"unityblocks-hero\" class=\"wp-block-unityblocks-hero hide-content\" data-herotype=\"heading-hero\" data-image=\"{&quot;url&quot;:&quot;https:\/\/biodesign.asu.edu\/cellular-evolution\/wp-content\/uploads\/sites\/23\/2023\/03\/cellular-evolution-people-hero-1920.jpg&quot;,&quot;altText&quot;:&quot;Center Director Wayne Frasch standing in front of a staircase&quot;,&quot;cssClass&quot;:[],&quot;size&quot;:&quot;medium&quot;}\" data-subtitle=\"{&quot;text&quot;:&quot;&quot;,&quot;highlightColor&quot;:&quot;white&quot;,&quot;maxWidth&quot;:&quot;&quot;,&quot;cssClass&quot;:[]}\" data-title=\"{&quot;text&quot;:&quot;Biological Integration Institute for Mechanisms of Cellular Evolution&quot;,&quot;highlightColor&quot;:&quot;gold&quot;,&quot;maxWidth&quot;:&quot;&quot;,&quot;cssClass&quot;:[]}\" data-contents=\"[{&quot;text&quot;:&quot;&quot;,&quot;maxWidth&quot;:&quot;&quot;,&quot;cssClass&quot;:[],&quot;highlightColor&quot;:&quot;white&quot;}]\" data-contentscolor=\"white\"><\/div>\n\n\n<div class=\"wp-bootstrap-blocks-container container mb-0 my-2 my-md-6 my-xl-10\">\n\t\n<div class=\"wp-bootstrap-blocks-row row justify-content-between\">\n\t\n\n<div class=\"col-12 col-md-3\">\n\t\t\t\n\n<div class=\"wp-block-group mb-4 is-layout-constrained wp-block-group-is-layout-constrained\"><div aria-controls=\"sidebar\" aria-expanded=\"false\" class=\"sidebar-toggler\" data-target=\"#sidebar\" data-toggle=\"collapse\"><p>Select Section <\/p><span class=\"fas fa-chevron-up\" \/><\/div><nav class=\"sidebar collapse\" id=\"sidebar\" aria-label=\"Secondary\"> <div class=\"nav-link-container\"><a id=\"menu-item-57\" href=\"https:\/\/biodesign.asu.edu\/cellular-evolution\/\" class=\"menu-item menu-item-type-post_type menu-item-object-page menu-item-home nav-link\">Overview<\/a><\/div><\/li>\n <div class=\"nav-link-container\"><a id=\"menu-item-41\" href=\"https:\/\/biodesign.asu.edu\/cellular-evolution\/research\/\" class=\"menu-item menu-item-type-post_type menu-item-object-page nav-link\">Research<\/a><\/div><\/li>\n <div class=\"nav-link-container\"><a id=\"menu-item-40\" href=\"https:\/\/biodesign.asu.edu\/cellular-evolution\/publications\/\" class=\"menu-item menu-item-type-post_type menu-item-object-page nav-link\">Publications<\/a><\/div><\/li>\n <div class=\"nav-link-container\"><a id=\"menu-item-39\" href=\"https:\/\/biodesign.asu.edu\/cellular-evolution\/training-and-outreach\/\" class=\"menu-item menu-item-type-post_type menu-item-object-page nav-link\">Training and Outreach<\/a><\/div><\/li>\n <div class=\"nav-link-container\"><a id=\"menu-item-38\" href=\"https:\/\/biodesign.asu.edu\/cellular-evolution\/people\/\" class=\"menu-item menu-item-type-post_type menu-item-object-page nav-link\">People<\/a><\/div><\/li>\n <div class=\"nav-link-container\"><a id=\"menu-item-37\" href=\"https:\/\/biodesign.asu.edu\/cellular-evolution\/jobs\/\" class=\"menu-item menu-item-type-post_type menu-item-object-page nav-link\">Jobs<\/a><\/div><\/li>\n<\/nav>\n<\/div>\n\n\t<\/div>\n\n\n\n<div class=\"col-12 col-md-8\">\n\t\t\t\n<div class=\"wp-bootstrap-blocks-row row\">\n\t\n\n<div class=\"col-12 col-md-7\">\n\t\t\t\n\n<h2 class=\"wp-block-heading mt-0\">People<\/h2>\n\n\t<\/div>\n\n<\/div>\n\n\n\n<h3 class=\"wp-block-heading\">Leadership<\/h3>\n\n\n\n<p>The executive committee is comprised of four founding members and one ad hoc position that rotates annually. The institute operates in a fully collaborative way. Its responsibilities include research collaboration, communication evaluation, budget oversight and reporting. <\/p>\n\n\n\n<p class=\"mb-4\">Our executive committee members include:<\/p>\n\n\n<div class=\"isearch-list \" data-config='{\"apiEndpoint\":\"https:\/\/cors.api.rtd.asu.edu\/search.asu.edu:443\/api\/v1\/\", \"enableLocalProfiles\":\"\",\"subsiteBasePath\":\"\", \"appBasePath\":\"profile\", \"defaultPhotoUrl\":\"https:\/\/biodesign.asu.edu\/cellular-evolution\/wp-content\/plugins\/asu-isearch-wp-plugin\/assets\/avatar.png\", \"listType\":\"\", \"asuriteIds\":\"mlynch11,frasch,ksamerot,kehu4,jgwidema,dpsheph1,lchai3\", \"titleIds\":\"N1676397417,N1676397417,N1676397417,N1676397417,N1676397417,N1676397417,N1676397417\", \"deptId\":\"\", \"displayFormat\":\"default\",\"showBio\":\"1\",\"showEmail\":\"1\",\"showPhone\":\"\",\"showPhoto\":\"1\",\"showTitle\":\"1\"}'><\/div>\n\n\n\n\n\n<hr class=\"wp-block-separator has-text-color has-gray-3-color has-alpha-channel-opacity has-gray-3-background-color has-background\"\/>\n\n\n\n<h3 class=\"wp-block-heading h-6\">Our team<\/h3>\n\n\n\n<p>Our scientists are interested in researching evolutionary cellular biology. We are collaborative, so our projects involve a minimum of two complementary areas of expertise. <\/p>\n\n\n\n<p>Our team members include:<\/p>\n\n\n<div class=\"isearch-list three-col\" data-config='{\"apiEndpoint\":\"https:\/\/cors.api.rtd.asu.edu\/search.asu.edu:443\/api\/v1\/\", \"enableLocalProfiles\":\"\",\"subsiteBasePath\":\"\", \"appBasePath\":\"profile\", \"defaultPhotoUrl\":\"https:\/\/biodesign.asu.edu\/cellular-evolution\/wp-content\/plugins\/asu-isearch-wp-plugin\/assets\/avatar.png\", \"listType\":\"deptList\", \"asuriteIds\":\"\", \"titleIds\":\"\", \"deptId\":\"N1676397455\", \"displayFormat\":\"default\",\"showBio\":\"\",\"showEmail\":\"1\",\"showPhone\":\"\",\"showPhoto\":\"1\",\"showTitle\":\"1\"}'><\/div>\n\n\n\n\n\n<h3 class=\"wp-block-heading h-6\">Advisory groups<\/h3>\n\n\n\n<h5 class=\"wp-block-heading\">External advisory committee members<\/h5>\n\n\n\n<p><strong>Shelly Copley<\/strong><br>Professor, University of Colorado-Boulder<\/p>\n\n\n\n<p><strong>Laura Eme<\/strong><br>Associate Professor, The University of Rhode Island<\/p>\n\n\n\n<p><strong>Holly Goodson<\/strong><br>Professor, University of Notre Dame<\/p>\n\n\n\n<p><strong>Christian Landry<\/strong><br>Professor, Universit\u00e9 Laval<\/p>\n\n\n\n<p><strong>Purificaci\u00f3n L\u00f3pez-Garc\u00eda<\/strong><br>Professor, Paris-Sud University<\/p>\n\n\n\n<h5 class=\"wp-block-heading mt-4\">Internal advisory committee members<\/h5>\n\n\n\n<p class=\"mb-2\">Our internal advisory committeehelps the institute to engage as many Arizona State University researchers as possible, where many of the educational activities take place. Members also play a key role in evaluating ongoing research, outreach and educational activities and in prioritizing new research projects.<\/p>\n\n\n\n<p><a href=\"https:\/\/search.asu.edu\/profile\/3030459\"><strong>Po-Lin Chiu<\/strong><\/a><br>Associate Professor, School of Molecular Sciences<\/p>\n\n\n\n<p><a href=\"https:\/\/search.asu.edu\/profile\/116491\"><strong>Bertram Jacobs<\/strong><\/a><br>Professor, School of Life Sciences<\/p>\n\n\n\n<p><a href=\"https:\/\/isearch.asu.edu\/profile\/3182641\"><strong>Kevin Redding<\/strong><\/a><br>Professor, School of Molecular Sciences<\/p>\n\n\n\n<p><a href=\"https:\/\/search.asu.edu\/profile\/1422622\"><strong>Jesse Taylor<\/strong><br><\/a>Associate Professor, School of Life Sciences<\/p>\n\n\n\n<p><a href=\"https:\/\/search.asu.edu\/profile\/3323104\"><strong>Elizabeth Trembath-Reichert<\/strong><\/a><br>Assistant Professor, School Of Earth and Space Exploration<\/p>\n\n\t<\/div>\n\n<\/div>\n\n<\/div>\n","protected":false},"excerpt":{"rendered":"","protected":false},"author":5,"featured_media":0,"parent":0,"menu_order":0,"comment_status":"closed","ping_status":"closed","template":"","meta":{"_acf_changed":false,"footnotes":""},"uds_featured_image":null,"acf":[],"yoast_head":"<!-- This site is optimized with the Yoast SEO plugin v24.5 - https:\/\/yoast.com\/wordpress\/plugins\/seo\/ -->\n<title>People - Institute for Mechanisms of Cellular Evolution<\/title>\n<meta name=\"description\" content=\"The executive committee is comprised of four founding members and one ad hoc position that rotates annually. The institute operates in a fully collaborative way. Its responsibilities include research collaboration, communication evaluation, budget oversight and reporting.\" \/>\n<meta name=\"robots\" content=\"index, follow, max-snippet:-1, max-image-preview:large, max-video-preview:-1\" \/>\n<link rel=\"canonical\" href=\"https:\/\/biodesign.asu.edu\/cellular-evolution\/people\/\" \/>\n<meta property=\"og:locale\" content=\"en_US\" \/>\n<meta property=\"og:type\" content=\"article\" \/>\n<meta property=\"og:title\" content=\"People - Institute for Mechanisms of Cellular Evolution\" \/>\n<meta property=\"og:description\" content=\"The executive committee is comprised of four founding members and one ad hoc position that rotates annually. The institute operates in a fully collaborative way. Its responsibilities include research collaboration, communication evaluation, budget oversight and reporting.\" \/>\n<meta property=\"og:url\" content=\"https:\/\/biodesign.asu.edu\/cellular-evolution\/people\/\" \/>\n<meta property=\"og:site_name\" content=\"Institute for Mechanisms of Cellular Evolution\" \/>\n<meta property=\"article:modified_time\" content=\"2025-04-23T21:40:17+00:00\" \/>\n<meta name=\"twitter:card\" content=\"summary_large_image\" \/>\n<meta name=\"twitter:label1\" content=\"Est. reading time\" \/>\n\t<meta name=\"twitter:data1\" content=\"1 minute\" \/>\n<script type=\"application\/ld+json\" class=\"yoast-schema-graph\">{\"@context\":\"https:\/\/schema.org\",\"@graph\":[{\"@type\":\"WebPage\",\"@id\":\"https:\/\/biodesign.asu.edu\/cellular-evolution\/people\/\",\"url\":\"https:\/\/biodesign.asu.edu\/cellular-evolution\/people\/\",\"name\":\"People - Institute for Mechanisms of Cellular Evolution\",\"isPartOf\":{\"@id\":\"https:\/\/biodesign.asu.edu\/cellular-evolution\/#website\"},\"datePublished\":\"2023-02-08T21:21:05+00:00\",\"dateModified\":\"2025-04-23T21:40:17+00:00\",\"description\":\"The executive committee is comprised of four founding members and one ad hoc position that rotates annually. The institute operates in a fully collaborative way. Its responsibilities include research collaboration, communication evaluation, budget oversight and reporting.\",\"breadcrumb\":{\"@id\":\"https:\/\/biodesign.asu.edu\/cellular-evolution\/people\/#breadcrumb\"},\"inLanguage\":\"en-US\",\"potentialAction\":[{\"@type\":\"ReadAction\",\"target\":[\"https:\/\/biodesign.asu.edu\/cellular-evolution\/people\/\"]}]},{\"@type\":\"BreadcrumbList\",\"@id\":\"https:\/\/biodesign.asu.edu\/cellular-evolution\/people\/#breadcrumb\",\"itemListElement\":[{\"@type\":\"ListItem\",\"position\":1,\"name\":\"Home\",\"item\":\"https:\/\/biodesign.asu.edu\/cellular-evolution\/\"},{\"@type\":\"ListItem\",\"position\":2,\"name\":\"People\"}]},{\"@type\":\"WebSite\",\"@id\":\"https:\/\/biodesign.asu.edu\/cellular-evolution\/#website\",\"url\":\"https:\/\/biodesign.asu.edu\/cellular-evolution\/\",\"name\":\"Institute for Mechanisms of Cellular Evolution\",\"description\":\"\",\"potentialAction\":[{\"@type\":\"SearchAction\",\"target\":{\"@type\":\"EntryPoint\",\"urlTemplate\":\"https:\/\/biodesign.asu.edu\/cellular-evolution\/?s={search_term_string}\"},\"query-input\":{\"@type\":\"PropertyValueSpecification\",\"valueRequired\":true,\"valueName\":\"search_term_string\"}}],\"inLanguage\":\"en-US\"}]}<\/script>\n<!-- \/ Yoast SEO plugin. -->","yoast_head_json":{"title":"People - Institute for Mechanisms of Cellular Evolution","description":"The executive committee is comprised of four founding members and one ad hoc position that rotates annually. The institute operates in a fully collaborative way. Its responsibilities include research collaboration, communication evaluation, budget oversight and reporting.","robots":{"index":"index","follow":"follow","max-snippet":"max-snippet:-1","max-image-preview":"max-image-preview:large","max-video-preview":"max-video-preview:-1"},"canonical":"https:\/\/biodesign.asu.edu\/cellular-evolution\/people\/","og_locale":"en_US","og_type":"article","og_title":"People - Institute for Mechanisms of Cellular Evolution","og_description":"The executive committee is comprised of four founding members and one ad hoc position that rotates annually. The institute operates in a fully collaborative way. Its responsibilities include research collaboration, communication evaluation, budget oversight and reporting.","og_url":"https:\/\/biodesign.asu.edu\/cellular-evolution\/people\/","og_site_name":"Institute for Mechanisms of Cellular Evolution","article_modified_time":"2025-04-23T21:40:17+00:00","twitter_card":"summary_large_image","twitter_misc":{"Est. reading time":"1 minute"},"schema":{"@context":"https:\/\/schema.org","@graph":[{"@type":"WebPage","@id":"https:\/\/biodesign.asu.edu\/cellular-evolution\/people\/","url":"https:\/\/biodesign.asu.edu\/cellular-evolution\/people\/","name":"People - Institute for Mechanisms of Cellular Evolution","isPartOf":{"@id":"https:\/\/biodesign.asu.edu\/cellular-evolution\/#website"},"datePublished":"2023-02-08T21:21:05+00:00","dateModified":"2025-04-23T21:40:17+00:00","description":"The executive committee is comprised of four founding members and one ad hoc position that rotates annually. The institute operates in a fully collaborative way. Its responsibilities include research collaboration, communication evaluation, budget oversight and reporting.","breadcrumb":{"@id":"https:\/\/biodesign.asu.edu\/cellular-evolution\/people\/#breadcrumb"},"inLanguage":"en-US","potentialAction":[{"@type":"ReadAction","target":["https:\/\/biodesign.asu.edu\/cellular-evolution\/people\/"]}]},{"@type":"BreadcrumbList","@id":"https:\/\/biodesign.asu.edu\/cellular-evolution\/people\/#breadcrumb","itemListElement":[{"@type":"ListItem","position":1,"name":"Home","item":"https:\/\/biodesign.asu.edu\/cellular-evolution\/"},{"@type":"ListItem","position":2,"name":"People"}]},{"@type":"WebSite","@id":"https:\/\/biodesign.asu.edu\/cellular-evolution\/#website","url":"https:\/\/biodesign.asu.edu\/cellular-evolution\/","name":"Institute for Mechanisms of Cellular Evolution","description":"","potentialAction":[{"@type":"SearchAction","target":{"@type":"EntryPoint","urlTemplate":"https:\/\/biodesign.asu.edu\/cellular-evolution\/?s={search_term_string}"},"query-input":{"@type":"PropertyValueSpecification","valueRequired":true,"valueName":"search_term_string"}}],"inLanguage":"en-US"}]}},"_links":{"self":[{"href":"https:\/\/biodesign.asu.edu\/cellular-evolution\/wp-json\/wp\/v2\/pages\/33"}],"collection":[{"href":"https:\/\/biodesign.asu.edu\/cellular-evolution\/wp-json\/wp\/v2\/pages"}],"about":[{"href":"https:\/\/biodesign.asu.edu\/cellular-evolution\/wp-json\/wp\/v2\/types\/page"}],"author":[{"embeddable":true,"href":"https:\/\/biodesign.asu.edu\/cellular-evolution\/wp-json\/wp\/v2\/users\/5"}],"replies":[{"embeddable":true,"href":"https:\/\/biodesign.asu.edu\/cellular-evolution\/wp-json\/wp\/v2\/comments?post=33"}],"version-history":[{"count":0,"href":"https:\/\/biodesign.asu.edu\/cellular-evolution\/wp-json\/wp\/v2\/pages\/33\/revisions"}],"wp:attachment":[{"href":"https:\/\/biodesign.asu.edu\/cellular-evolution\/wp-json\/wp\/v2\/media?parent=33"}],"curies":[{"name":"wp","href":"https:\/\/api.w.org\/{rel}","templated":true}]}}